{"id":1420,"date":"2024-04-18T13:24:19","date_gmt":"2024-04-18T11:24:19","guid":{"rendered":"https:\/\/viprent-andorra.com\/tree-line-residence-ski-chalet-andorra\/"},"modified":"2024-04-25T18:20:18","modified_gmt":"2024-04-25T16:20:18","slug":"tree-line-residence-ski-chalet-andorra","status":"publish","type":"page","link":"https:\/\/viprent-andorra.com\/ca\/tree-line-residence-ski-chalet-andorra\/","title":{"rendered":"Tree Line Jacuzzi"},"content":{"rendered":"<div class=\"wpb-content-wrapper\"><p>[vc_row dfd_bg_style=&#8221;image&#8221; dfd_bg_image_repeat=&#8221;no-repeat&#8221; dfd_row_config=&#8221;full_width_content&#8221; el_class=&#8221;OcultarSlider&#8221; bg_type=&#8221;image&#8221; bg_image_new=&#8221;19708&#8243; bg_image_repeat=&#8221;no-repeat&#8221; css=&#8221;.vc_custom_1712663666177{background-color: #b7b7b7 !important;background-position: center !important;background-repeat: no-repeat !important;background-size: cover !important;}&#8221;][vc_column css=&#8221;.vc_custom_1713440026062{background-image: url(https:\/\/viprent-andorra.com\/wp-content\/uploads\/2024\/04\/vip-rent-tree-line-jacuzzi-5.jpg?id=411) !important;background-position: center !important;background-repeat: no-repeat !important;background-size: cover !important;}&#8221; col_shadow=&#8221;box_shadow_enable:disable|shadow_horizontal:0|shadow_vertical:15|shadow_blur:50|shadow_spread:0|box_shadow_color:rgba(0%2C0%2C0%2C.35)&#8221; col_shadow_hover=&#8221;box_shadow_enable:disable|shadow_horizontal:0|shadow_vertical:15|shadow_blur:50|shadow_spread:0|box_shadow_color:rgba(0%2C0%2C0%2C.35)&#8221;][vc_row_inner css=&#8221;.vc_custom_1679992365968{padding-top: 600px !important;padding-right: 0px !important;padding-bottom: 150px !important;padding-left: 10% !important;}&#8221; el_class=&#8221;IconosAstro&#8221;][vc_column_inner width=&#8221;1\/3&#8243;][\/vc_column_inner][vc_column_inner width=&#8221;1\/3&#8243;][\/vc_column_inner][vc_column_inner width=&#8221;1\/3&#8243;][vc_raw_html]JTNDZGl2JTIwY2xhc3MlM0QlMjJ1YnRuLWN0bi1jZW50ZXIlMjIlM0UlM0NhJTIwY2xhc3MlM0QlMjJ1YnRuLWxpbmslMjB1YnRuLWNlbnRlciUyMHRvb2x0aXAtNjQyMmJlNzA0NDgwNyUyMiUyMGhyZWYlM0QlMjIlMjMlMjIlMjBvbmNsaWNrJTNEJTIyU2Nyb2xsU3VhdmUlMjglMjdmb3RvcyUyNyUyOSUyMiUyMHRhcmdldCUzRCUyMl9zZWxmJTIyJTNFJTNDc3BhbiUyMGNsYXNzJTNEJTIyJTIwdWJ0biUyMHVidG4tbWluaSUyMHVidG4tbm8taG92ZXItYmclMjAlMjAlMjAlMjB1YnRuLWNlbnRlciUyMCUyMCUyMiUyMGRhdGEtaG92ZXIlM0QlMjIlMjNmZmZmZmYlMjIlMjBkYXRhLWJvcmRlci1jb2xvciUzRCUyMiUyM2ZmZmZmZiUyMiUyMGRhdGEtaG92ZXItYmclM0QlMjIlMjIlMjBkYXRhLWJvcmRlci1ob3ZlciUzRCUyMiUyM2ZmZmZmZiUyMiUyMGRhdGEtc2hhZG93LWhvdmVyJTNEJTIyJTIyJTIwZGF0YS1zaGFkb3ctY2xpY2slM0QlMjJub25lJTIyJTIwZGF0YS1zaGFkb3clM0QlMjIlMjIlMjBkYXRhLXNoZC1zaGFkb3clM0QlMjIlMjIlMjBzdHlsZSUzRCUyMmJvcmRlci1yYWRpdXMlM0FweCUzQmJvcmRlci13aWR0aCUzQTFweCUzQmJvcmRlci1jb2xvciUzQSUyM2ZmZmZmZiUzQmJvcmRlci1zdHlsZSUzQXNvbGlkJTNCY29sb3IlM0ElMjAlMjNmZmZmZmYlM0IlMjIlM0UlM0NzcGFuJTIwY2xhc3MlM0QlMjJ1YnRuLWhvdmVyJTIyJTNFJTNDJTJGc3BhbiUzRSUzQ3NwYW4lMjBjbGFzcyUzRCUyMnVidG4tZGF0YSUyMHVidG4tdGV4dCUyMiUyMGRhdGEtbGFuZyUzRCUyMmVuJTIyJTNFVkVVUkUlMjBGT1RPUyUzQyUyRnNwYW4lM0UlM0MlMkZzcGFuJTNFJTNDJTJGYSUzRSUzQyUyRmRpdiUzRQ==[\/vc_raw_html][\/vc_column_inner][\/vc_row_inner][\/vc_column][\/vc_row][vc_row dfd_bg_style=&#8221;image&#8221; dfd_bg_image_repeat=&#8221;no-repeat&#8221; dfd_row_config=&#8221;full_width_content&#8221; bg_type=&#8221;bg_color&#8221; css=&#8221;.vc_custom_1712664966081{background-color: #a5a5a5 !important;}&#8221;][vc_column width=&#8221;1\/3&#8243; css=&#8221;.vc_custom_1523382781477{padding-top: 30px !important;padding-bottom: 30px !important;}&#8221;][\/vc_column][vc_column width=&#8221;1\/3&#8243;][vc_single_image image=&#8221;101&#8243; img_size=&#8221;medium&#8221; alignment=&#8221;center&#8221; css=&#8221;.vc_custom_1710757001372{padding-top: 30px !important;padding-bottom: 30px !important;}&#8221;][\/vc_column][vc_column width=&#8221;1\/3&#8243;][\/vc_column][\/vc_row][vc_row dfd_bg_style=&#8221;image&#8221; dfd_bg_image_repeat=&#8221;no-repeat&#8221; force_equal_height_columns=&#8221;main_row&#8221; dfd_row_config=&#8221;full_width_content&#8221; bg_type=&#8221;image&#8221; bg_image_new=&#8221;21256&#8243; bg_image_repeat=&#8221;no-repeat&#8221; mobile_destroy_equal_heights=&#8221;yes&#8221;][vc_column width=&#8221;1\/3&#8243; css=&#8221;.vc_custom_1712663687209{padding-top: 190px !important;padding-bottom: 230px !important;background-color: #b7b7b7 !important;background-position: center !important;background-repeat: no-repeat !important;background-size: cover !important;}&#8221; el_class=&#8221;zindex&#8221; col_shadow=&#8221;box_shadow_enable:disable|shadow_horizontal:0|shadow_vertical:15|shadow_blur:50|shadow_spread:0|box_shadow_color:rgba(0%2C0%2C0%2C.35)&#8221; col_shadow_hover=&#8221;box_shadow_enable:disable|shadow_horizontal:0|shadow_vertical:15|shadow_blur:50|shadow_spread:0|box_shadow_color:rgba(0%2C0%2C0%2C.35)&#8221;][vc_column_text el_class=&#8221;texto-color&#8221; css=&#8221;.vc_custom_1714046706401{padding-right: 5% !important;padding-left: 10% !important;}&#8221;]<\/p>\n<h1 class=\"widget-title dfd-title \">TREE LINE JACUZZI<\/h1>\n<p>6 persones &#8211; 2 dormitoris[\/vc_column_text][vc_column_text el_class=&#8221;texto-color&#8221; css=&#8221;.vc_custom_1714046852078{padding-top: 20px !important;padding-right: 5% !important;padding-left: 10% !important;}&#8221;]Benvingut a la nostra resid\u00e8ncia Luxury Treeline, immersa al cor dels restaurants, bars i caf\u00e8s de Soldeu. Amb l&#8217;apartament situat a nom\u00e9s 3 minuts a peu del telecabina de Grandvalira, \u00e9s perfecte per als esquiadors apassionats.<\/p>\n<p><b>Apartament:<\/b> En entrar a l&#8217;apartament, ser\u00e0s benvingut per impressionants vistes de la vasta muntanya coberta d&#8217;arbres. Continua fins a la teva terrassa privada orientada al sud, on trobar\u00e0s el nostre jacuzzi de 3 places, perfecte per relaxar-te despr\u00e9s d&#8217;un llarg dia d&#8217;exploraci\u00f3.<\/p>\n<p><strong>Habitacions:<\/strong> L&#8217;apartament pot acollir fins a sis hostes en dues habitacions dobles, amb un bany privat i un bany compartit. El sof\u00e0 llit del sal\u00f3 de planta oberta afegeix flexibilitat addicional per a una fam\u00edlia m\u00e9s gran de fins a sis persones.<\/p>\n<p>Un ambient reconfortant i acollidor amb llar de foc oberta i de troncs i totes les comoditats modernes que necessites per garantir unes vacances relaxants a les muntanyes.<\/p>\n<p>&nbsp;<\/p>\n<p>La casa ofereix:<\/p>\n<p><strong><i class=\"fas fa-utensils \" ><\/i> Cuina:<\/strong> Totalment equipada amb rentavaixelles, nevera, congelador, forn, microones, cafetera Nespresso, vitrocer\u00e0mica, productes de neteja, etc.<\/p>\n<p><strong><i class=\"fas fa-bed \" ><\/i> Habitacions:<\/strong> 2 habitacions amb llit de matrimoni i sof\u00e0 llit per a dues persones.<\/p>\n<p><i class=\"fas fa-car-alt \" ><\/i> <strong>Aparcament subterrani<\/strong> a la mateixa propietat gratu\u00eft<\/p>\n<p><strong><i class=\"fas fa-water \" ><\/i> Jacuzzi<\/strong><\/p>\n<p>&nbsp;<\/p>\n<p>A m\u00e9s:<\/p>\n<p><i class=\"fas fa-user-friends \" ><\/i> <strong>Servei de Consergeria\u00a0<\/strong><\/p>\n<p><strong><i class=\"fas fa-paw \" ><\/i> Mascotes:<\/strong> S&#8217;admeten animals amb un c\u00e0rrec de 15\u20ac al dia.[\/vc_column_text][vc_column_text el_class=&#8221;texto-color&#8221; css=&#8221;.vc_custom_1714046870161{padding-top: 20px !important;padding-right: 5% !important;padding-left: 10% !important;}&#8221;]<i class=\"fas fa-wifi \" ><\/i> WIFI 3gb<\/p>\n<p><i class=\"fas fa-bath \" ><\/i> 2 banys complets amb dutxa.<\/p>\n<p><i class=\"fas fa-temperature-high \" ><\/i> Calefacci\u00f3 per terra radiant[\/vc_column_text][\/vc_column][vc_column width=&#8221;2\/3&#8243; css=&#8221;.vc_custom_1713440118386{background-image: url(https:\/\/viprent-andorra.com\/wp-content\/uploads\/2024\/04\/vip-rent-tree-line-jacuzzi-6.jpg?id=413) !important;background-position: center !important;background-repeat: no-repeat !important;background-size: cover !important;}&#8221; col_shadow=&#8221;box_shadow_enable:disable|shadow_horizontal:0|shadow_vertical:15|shadow_blur:50|shadow_spread:0|box_shadow_color:rgba(0%2C0%2C0%2C.35)&#8221; col_shadow_hover=&#8221;box_shadow_enable:disable|shadow_horizontal:0|shadow_vertical:15|shadow_blur:50|shadow_spread:0|box_shadow_color:rgba(0%2C0%2C0%2C.35)&#8221;][\/vc_column][\/vc_row][vc_row dfd_bg_style=&#8221;image&#8221; dfd_bg_image_repeat=&#8221;no-repeat&#8221; force_equal_height_columns=&#8221;main_row&#8221; dfd_row_config=&#8221;full_width_content&#8221; bg_type=&#8221;image&#8221; bg_image_new=&#8221;21256&#8243; bg_image_repeat=&#8221;no-repeat&#8221; mobile_destroy_equal_heights=&#8221;yes&#8221; css=&#8221;.vc_custom_1712663696903{background-color: #b7b7b7 !important;}&#8221;][vc_column width=&#8221;2\/3&#8243; css=&#8221;.vc_custom_1713440180865{background-image: url(https:\/\/viprent-andorra.com\/wp-content\/uploads\/2024\/04\/vip-rent-tree-line-jacuzzi-7.jpg?id=414) !important;background-position: center !important;background-repeat: no-repeat !important;background-size: cover !important;}&#8221; col_shadow=&#8221;box_shadow_enable:disable|shadow_horizontal:0|shadow_vertical:15|shadow_blur:50|shadow_spread:0|box_shadow_color:rgba(0%2C0%2C0%2C.35)&#8221; col_shadow_hover=&#8221;box_shadow_enable:disable|shadow_horizontal:0|shadow_vertical:15|shadow_blur:50|shadow_spread:0|box_shadow_color:rgba(0%2C0%2C0%2C.35)&#8221;][\/vc_column][vc_column width=&#8221;1\/3&#8243; css=&#8221;.vc_custom_1679992478478{padding-top: 190px !important;padding-bottom: 230px !important;background-position: center !important;background-repeat: no-repeat !important;background-size: cover !important;}&#8221; el_class=&#8221;zindex&#8221;][vc_column_text el_class=&#8221;texto-color&#8221; css=&#8221;.vc_custom_1714046898829{padding-top: 20px !important;padding-right: 5% !important;padding-left: 10% !important;}&#8221;]<\/p>\n<div class=\"dfd-heading-shortcode\">\n<div id=\"dfd-heading-6422ac57d1194\" class=\"dfd-heading-module-wrap text-left style_05 dfd-heading-6422ac57d1194 dfd-disable-resposive-headings\">\n<div class=\"inline-block\">\n<div class=\"dfd-heading-module\">\n<p>Aquest encantador apartament, situat a peu de pistes, et brinda l&#8217;oportunitat de submergir-te en l&#8217;emoci\u00f3 de l&#8217;esqu\u00ed durant l&#8217;hivern i gaudir de l&#8217;ambient relaxat i apr\u00e8s-esqu\u00ed del pintoresc poble de Soldeu. Amb la seva ubicaci\u00f3 privilegiada, estar\u00e0s a nom\u00e9s uns passos de les pistes, la qual cosa et permetr\u00e0 aprofitar al m\u00e0xim el teu temps a la neu.<\/p>\n<p>Per\u00f2 l&#8217;aventura no acaba a l&#8217;hivern. A l&#8217;estiu, Soldeu es transforma en un parad\u00eds per als amants de la natura, amb interminables oportunitats per explorar les muntanyes, realitzar caminades panor\u00e0miques o simplement relaxar-se i gaudir de la bellesa natural que l&#8217;envolta. Des de la terrassa de l&#8217;apartament, podr\u00e0s contemplar les impressionants vistes de les muntanyes i respirar l&#8217;aire fresc i pur de la muntanya, mentre t&#8217;immerses en la tranquil\u00b7litat que ofereix aquest entorn \u00fanic.<\/p>\n<p><i class=\"far fa-clock \" ><\/i> Check-in: a partir de les 16h<\/p>\n<p><i class=\"fas fa-clock \" ><\/i> Check-out: abans de les 12h<\/p>\n<p><i class=\"fas fa-key \" ><\/i> A l&#8217;arribada, us entregarem les claus. Us enviarem instruccions de com accedir.<\/p>\n<\/div>\n<\/div>\n<\/div>\n<\/div>\n<p>[\/vc_column_text][vc_column_text el_class=&#8221;texto-color&#8221; css=&#8221;.vc_custom_1714046935832{padding-top: 20px !important;padding-right: 5% !important;padding-bottom: 20px !important;padding-left: 10% !important;}&#8221;]<i class=\"fas fa-map-marker-alt \" ><\/i> Ubicaci\u00f3:<\/p>\n<p>Us enviarem la ubicaci\u00f3 exacta en fer la reserva, aquesta \u00e9s la zona on es troba.<\/p>\n<p>HUT1-005229[\/vc_column_text][vc_column_text css=&#8221;.vc_custom_1713440231898{padding-top: 20px !important;padding-right: 5% !important;padding-left: 10% !important;}&#8221;]<iframe loading=\"lazy\" style=\"border: 0;\" src=\"https:\/\/www.google.com\/maps\/embed?pb=!1m14!1m8!1m3!1d11751.795427222542!2d1.666523!3d42.577608!3m2!1i1024!2i768!4f13.1!3m3!1m2!1s0x12af62d7f7ae6937%3A0xa00947091997150!2sAD100%20Soldeu%2C%20Andorra!5e0!3m2!1ses!2ses!4v1713440212848!5m2!1ses!2ses\" width=\"100%\" height=\"250\" allowfullscreen=\"allowfullscreen\"><\/iframe>[\/vc_column_text][\/vc_column][\/vc_row][vc_row dfd_bg_style=&#8221;image&#8221; dfd_bg_image_repeat=&#8221;no-repeat&#8221; dfd_row_config=&#8221;full_width_content&#8221; anchor=&#8221;fotos&#8221; el_class=&#8221;ImagenPrincipal&#8221; bg_type=&#8221;image&#8221; bg_image_repeat=&#8221;no-repeat&#8221; bg_override=&#8221;full&#8221; css=&#8221;.vc_custom_1712664979966{background-color: #a5a5a5 !important;}&#8221;][vc_column width=&#8221;2\/3&#8243;][vc_column_text]<\/p>\n<div id=\"fotos\"><\/div>\n<p>[\/vc_column_text][\/vc_column][vc_column width=&#8221;1\/3&#8243; css=&#8221;.vc_custom_1542356062966{padding-right: 12% !important;padding-left: 4% !important;}&#8221;][vc_column_text el_class=&#8221;welcome&#8221; css=&#8221;.vc_custom_1714046974684{padding-top: 30px !important;padding-bottom: 30px !important;}&#8221;]GALERIA DE FOTOGRAFIES<\/p>\n<p>Feu clic per ampliar-les[\/vc_column_text][\/vc_column][\/vc_row][vc_row dfd_bg_style=&#8221;image&#8221; dfd_bg_image_repeat=&#8221;no-repeat&#8221; dfd_row_config=&#8221;full_width_content&#8221; one_page_title=&#8221;fotos&#8221; el_class=&#8221;ImagenPrincipal&#8221; bg_type=&#8221;image&#8221; bg_image_repeat=&#8221;no-repeat&#8221; bg_override=&#8221;full&#8221; css=&#8221;.vc_custom_1712664992646{background-color: #a5a5a5 !important;}&#8221;][vc_column][vc_column_text]<\/p>\n<div class=\"rbs_shortcode\">\n<div class=\"rbs_shortcode\">\n<div class=\"rbs_shortcode\">\n<div class=\"rbs_shortcode\">\n<div class=\"rbs_shortcode\">\n<div class=\"rbs_shortcode\">\n<div class=\"rbs_shortcode\"><style type=\"text\/css\" scoped>.rbs_gallery_69dfd5d31805cSpinner{\r\n\t\t\t\tmargin: 50px auto;\r\n\t\t\t\twidth: 50px;\r\n\t\t\t\theight: 40px;\r\n\t\t\t\ttext-align: center;\r\n\t\t\t\tfont-size: 10px;\r\n\t\t\t}\r\n\t\t\t.rbs_gallery_69dfd5d31805cSpinner > div{\r\n\t\t\t  background-color: #333;\r\n\t\t\t  height: 100%;\r\n\t\t\t  width: 6px;\r\n\t\t\t  display: inline-block;\r\n\t\t\t  -webkit-animation: rbs_gallery_69dfd5d31805c-stretchdelay 1.2s infinite ease-in-out;\r\n\t\t\t  animation: rbs_gallery_69dfd5d31805c-stretchdelay 1.2s infinite ease-in-out;\r\n\t\t\t}\r\n\t\t\t.rbs_gallery_69dfd5d31805cSpinner .rbs_gallery_69dfd5d31805cRect2 {\r\n\t\t\t  -webkit-animation-delay: -1.1s;\r\n\t\t\t  animation-delay: -1.1s;\r\n\t\t\t}\r\n\t\t\t.rbs_gallery_69dfd5d31805cSpinner .rbs_gallery_69dfd5d31805cRect3 {\r\n\t\t\t  -webkit-animation-delay: -1.0s;\r\n\t\t\t  animation-delay: -1.0s;\r\n\t\t\t}\r\n\t\t\t.rbs_gallery_69dfd5d31805cSpinner .rbs_gallery_69dfd5d31805cRect4 {\r\n\t\t\t  -webkit-animation-delay: -0.9s;\r\n\t\t\t  animation-delay: -0.9s;\r\n\t\t\t}\r\n\t\t\t.rbs_gallery_69dfd5d31805cSpinner .rbs_gallery_69dfd5d31805cRect5 {\r\n\t\t\t  -webkit-animation-delay: -0.8s;\r\n\t\t\t  animation-delay: -0.8s;\r\n\t\t\t}\r\n\t\t\t@-webkit-keyframes rbs_gallery_69dfd5d31805c-stretchdelay {\r\n\t\t\t  0%, 40%, 100% { -webkit-transform: scaleY(0.4) }  \r\n\t\t\t  20% { -webkit-transform: scaleY(1.0) }\r\n\t\t\t}\r\n\t\t\t@keyframes rbs_gallery_69dfd5d31805c-stretchdelay {\r\n\t\t\t  0%, 40%, 100% { \r\n\t\t\t    transform: scaleY(0.4);\r\n\t\t\t    -webkit-transform: scaleY(0.4);\r\n\t\t\t  }  20% { \r\n\t\t\t    transform: scaleY(1.0);\r\n\t\t\t    -webkit-transform: scaleY(1.0);\r\n\t\t\t  }\r\n\t\t\t}\r\n\t\t<\/style><div class=\"robo-gallery-wrap robo-gallery-wrap-id417 robo-gallery-masonry\" ><div id=\"rbs_gallery_69dfd5d31805c-block-loader\" class=\"rbs_gallery_69dfd5d31805cSpinner\"><div class=\"rbs_gallery_69dfd5d31805cRect1\"><\/div> <div class=\"rbs_gallery_69dfd5d31805cRect2\"><\/div> <div class=\"rbs_gallery_69dfd5d31805cRect3\"><\/div> <div class=\"rbs_gallery_69dfd5d31805cRect4\"><\/div> <div class=\"rbs_gallery_69dfd5d31805cRect5\"><\/div><\/div><div id=\"robo_gallery_main_block_rbs_gallery_69dfd5d31805c\" class=\"robogallery-gallery-417\" style=\"width:100%;  display: none;\"><div id=\"rbs_gallery_69dfd5d31805c\" data-options=\"rbs_gallery_69dfd5d31805c\" style=\"width:100%;\" class=\"robo_gallery  \"><div class=\"rbs-img  category417 \" ><div class=\"rbs-img-image   rbs-lightbox \" ><div class=\"rbs-img-thumbs\"  data-thumbnail=\"https:\/\/viprent-andorra.com\/wp-content\/uploads\/2024\/04\/Caleta-Local-Dia--600x1024.jpg\"  title=\"Caleta-Local-Dia-\"  data-width=\"600\"  data-height=\"1024\" ><\/div><div class=\"rbs-img-data-popup\"  data-popup=\"https:\/\/viprent-andorra.com\/wp-content\/uploads\/2024\/04\/Caleta-Local-Dia-.jpg\"  title=\"Caleta-Local-Dia-\" ><\/div><div class=\"thumbnail-overlay\"><div class=\"rbsTitle \">Caleta-Local-Dia-<\/div><div class=\"rbsIcons\"><i class=\"fa fa-plus rbsZoomIcon \" ><\/i><\/div><\/div><\/div><\/div><div class=\"rbs-img  category417 \" ><div class=\"rbs-img-image   rbs-lightbox \" ><div class=\"rbs-img-thumbs\"  data-thumbnail=\"https:\/\/viprent-andorra.com\/wp-content\/uploads\/2024\/04\/Caleta-Local-Dia-_1-300x200.jpg\"  title=\"Caleta-Local-Dia-_1\"  data-width=\"300\"  data-height=\"200\" ><\/div><div class=\"rbs-img-data-popup\"  data-popup=\"https:\/\/viprent-andorra.com\/wp-content\/uploads\/2024\/04\/Caleta-Local-Dia-_1.jpg\"  title=\"Caleta-Local-Dia-_1\" ><\/div><div class=\"thumbnail-overlay\"><div class=\"rbsTitle \">Caleta-Local-Dia-_1<\/div><div class=\"rbsIcons\"><i class=\"fa fa-plus rbsZoomIcon \" ><\/i><\/div><\/div><\/div><\/div><div class=\"rbs-img  category417 \" ><div class=\"rbs-img-image   rbs-lightbox \" ><div class=\"rbs-img-thumbs\"  data-thumbnail=\"https:\/\/viprent-andorra.com\/wp-content\/uploads\/2024\/04\/Caleta-Local-Dia-_2-600x1024.jpg\"  title=\"Caleta-Local-Dia-_2\"  data-width=\"600\"  data-height=\"1024\" ><\/div><div class=\"rbs-img-data-popup\"  data-popup=\"https:\/\/viprent-andorra.com\/wp-content\/uploads\/2024\/04\/Caleta-Local-Dia-_2.jpg\"  title=\"Caleta-Local-Dia-_2\" ><\/div><div class=\"thumbnail-overlay\"><div class=\"rbsTitle \">Caleta-Local-Dia-_2<\/div><div class=\"rbsIcons\"><i class=\"fa fa-plus rbsZoomIcon \" ><\/i><\/div><\/div><\/div><\/div><div class=\"rbs-img  category417 \" ><div class=\"rbs-img-image   rbs-lightbox \" ><div class=\"rbs-img-thumbs\"  data-thumbnail=\"https:\/\/viprent-andorra.com\/wp-content\/uploads\/2024\/04\/Caleta-Local-Dia-_3-600x1024.jpg\"  title=\"Caleta-Local-Dia-_3\"  data-width=\"600\"  data-height=\"1024\" ><\/div><div class=\"rbs-img-data-popup\"  data-popup=\"https:\/\/viprent-andorra.com\/wp-content\/uploads\/2024\/04\/Caleta-Local-Dia-_3.jpg\"  title=\"Caleta-Local-Dia-_3\" ><\/div><div class=\"thumbnail-overlay\"><div class=\"rbsTitle \">Caleta-Local-Dia-_3<\/div><div class=\"rbsIcons\"><i class=\"fa fa-plus rbsZoomIcon \" ><\/i><\/div><\/div><\/div><\/div><div class=\"rbs-img  category417 \" ><div class=\"rbs-img-image   rbs-lightbox \" ><div class=\"rbs-img-thumbs\"  data-thumbnail=\"https:\/\/viprent-andorra.com\/wp-content\/uploads\/2024\/04\/Caleta-Local-Dia-_4-600x1024.jpg\"  title=\"Caleta-Local-Dia-_4\"  data-width=\"600\"  data-height=\"1024\" ><\/div><div class=\"rbs-img-data-popup\"  data-popup=\"https:\/\/viprent-andorra.com\/wp-content\/uploads\/2024\/04\/Caleta-Local-Dia-_4.jpg\"  title=\"Caleta-Local-Dia-_4\" ><\/div><div class=\"thumbnail-overlay\"><div class=\"rbsTitle \">Caleta-Local-Dia-_4<\/div><div class=\"rbsIcons\"><i class=\"fa fa-plus rbsZoomIcon \" ><\/i><\/div><\/div><\/div><\/div><div class=\"rbs-img  category417 \" ><div class=\"rbs-img-image   rbs-lightbox \" ><div class=\"rbs-img-thumbs\"  data-thumbnail=\"https:\/\/viprent-andorra.com\/wp-content\/uploads\/2024\/04\/Caleta-Local-Dia-_5-600x1024.jpg\"  title=\"Caleta-Local-Dia-_5\"  data-width=\"600\"  data-height=\"1024\" ><\/div><div class=\"rbs-img-data-popup\"  data-popup=\"https:\/\/viprent-andorra.com\/wp-content\/uploads\/2024\/04\/Caleta-Local-Dia-_5.jpg\"  title=\"Caleta-Local-Dia-_5\" ><\/div><div class=\"thumbnail-overlay\"><div class=\"rbsTitle \">Caleta-Local-Dia-_5<\/div><div class=\"rbsIcons\"><i class=\"fa fa-plus rbsZoomIcon \" ><\/i><\/div><\/div><\/div><\/div><div class=\"rbs-img  category417 \" ><div class=\"rbs-img-image   rbs-lightbox \" ><div class=\"rbs-img-thumbs\"  data-thumbnail=\"https:\/\/viprent-andorra.com\/wp-content\/uploads\/2024\/04\/Caleta-Local-Dia-_6-300x200.jpg\"  title=\"Caleta-Local-Dia-_6\"  data-width=\"300\"  data-height=\"200\" ><\/div><div class=\"rbs-img-data-popup\"  data-popup=\"https:\/\/viprent-andorra.com\/wp-content\/uploads\/2024\/04\/Caleta-Local-Dia-_6.jpg\"  title=\"Caleta-Local-Dia-_6\" ><\/div><div class=\"thumbnail-overlay\"><div class=\"rbsTitle \">Caleta-Local-Dia-_6<\/div><div class=\"rbsIcons\"><i class=\"fa fa-plus rbsZoomIcon \" ><\/i><\/div><\/div><\/div><\/div><div class=\"rbs-img  category417 \" ><div class=\"rbs-img-image   rbs-lightbox \" ><div class=\"rbs-img-thumbs\"  data-thumbnail=\"https:\/\/viprent-andorra.com\/wp-content\/uploads\/2024\/04\/Caleta-Local-Dia-_7-1-600x1024.jpg\"  title=\"Caleta-Local-Dia-_7\"  data-width=\"600\"  data-height=\"1024\" ><\/div><div class=\"rbs-img-data-popup\"  data-popup=\"https:\/\/viprent-andorra.com\/wp-content\/uploads\/2024\/04\/Caleta-Local-Dia-_7-1.jpg\"  title=\"Caleta-Local-Dia-_7\" ><\/div><div class=\"thumbnail-overlay\"><div class=\"rbsTitle \">Caleta-Local-Dia-_7<\/div><div class=\"rbsIcons\"><i class=\"fa fa-plus rbsZoomIcon \" ><\/i><\/div><\/div><\/div><\/div><div class=\"rbs-img  category417 \" ><div class=\"rbs-img-image   rbs-lightbox \" ><div class=\"rbs-img-thumbs\"  data-thumbnail=\"https:\/\/viprent-andorra.com\/wp-content\/uploads\/2024\/04\/Jacuzzi-Tree-Line-Ski-Chalet-Andorra-600x1024.jpg\"  title=\"Jacuzzi-Tree-Line-Ski-Chalet-Andorra\"  data-width=\"600\"  data-height=\"1024\" ><\/div><div class=\"rbs-img-data-popup\"  data-popup=\"https:\/\/viprent-andorra.com\/wp-content\/uploads\/2024\/04\/Jacuzzi-Tree-Line-Ski-Chalet-Andorra.jpg\"  title=\"Jacuzzi-Tree-Line-Ski-Chalet-Andorra\" ><\/div><div class=\"thumbnail-overlay\"><div class=\"rbsTitle \">Jacuzzi-Tree-Line-Ski-Chalet-Andorra<\/div><div class=\"rbsIcons\"><i class=\"fa fa-plus rbsZoomIcon \" ><\/i><\/div><\/div><\/div><\/div><div class=\"rbs-img  category417 \" ><div class=\"rbs-img-image   rbs-lightbox \" ><div class=\"rbs-img-thumbs\"  data-thumbnail=\"https:\/\/viprent-andorra.com\/wp-content\/uploads\/2024\/04\/Ski-Chalet-Andorra-600x1024.jpg\"  title=\"Ski-Chalet-Andorra\"  data-width=\"600\"  data-height=\"1024\" ><\/div><div class=\"rbs-img-data-popup\"  data-popup=\"https:\/\/viprent-andorra.com\/wp-content\/uploads\/2024\/04\/Ski-Chalet-Andorra.jpg\"  title=\"Ski-Chalet-Andorra\" ><\/div><div class=\"thumbnail-overlay\"><div class=\"rbsTitle \">Ski-Chalet-Andorra<\/div><div class=\"rbsIcons\"><i class=\"fa fa-plus rbsZoomIcon \" ><\/i><\/div><\/div><\/div><\/div><div class=\"rbs-img  category417 \" ><div class=\"rbs-img-image   rbs-lightbox \" ><div class=\"rbs-img-thumbs\"  data-thumbnail=\"https:\/\/viprent-andorra.com\/wp-content\/uploads\/2024\/04\/SKi-Chalet-Andorra-summer-300x200.jpg\"  title=\"SKi-Chalet-Andorra-summer\"  data-width=\"300\"  data-height=\"200\" ><\/div><div class=\"rbs-img-data-popup\"  data-popup=\"https:\/\/viprent-andorra.com\/wp-content\/uploads\/2024\/04\/SKi-Chalet-Andorra-summer.jpg\"  title=\"SKi-Chalet-Andorra-summer\" ><\/div><div class=\"thumbnail-overlay\"><div class=\"rbsTitle \">SKi-Chalet-Andorra-summer<\/div><div class=\"rbsIcons\"><i class=\"fa fa-plus rbsZoomIcon \" ><\/i><\/div><\/div><\/div><\/div><\/div><\/div><\/div><script>var rbs_gallery_69dfd5d31805c = {\"version\":\"5.1.3\",\"id\":417,\"class\":\"id417\",\"roboGalleryDelay\":1000,\"mainContainer\":\"#robo_gallery_main_block_rbs_gallery_69dfd5d31805c\",\"loadingContainer\":\"#rbs_gallery_69dfd5d31805c-block-loader\",\"loadingContainerObj\":\"rbs_gallery_69dfd5d31805c-block-loader\",\"columnWidth\":\"auto\",\"columns\":3,\"resolutions\":[{\"columnWidth\":\"auto\",\"columns\":3,\"maxWidth\":960},{\"columnWidth\":\"auto\",\"columns\":2,\"maxWidth\":650},{\"columnWidth\":\"auto\",\"columns\":1,\"maxWidth\":450}],\"lightboxOptions\":{\"gallery\":{\"enabled\":true,\"tCounter\":\"%curr% of %total%\"}},\"overlayEffect\":\"direction-aware-fade\",\"boxesToLoadStart\":12,\"boxesToLoad\":8,\"waitUntilThumbLoads\":1,\"LoadingWord\":\"Loading...\",\"loadMoreWord\":\"Load More\",\"noMoreEntriesWord\":\"No More Entries\",\"horizontalSpaceBetweenBoxes\":15,\"verticalSpaceBetweenBoxes\":15,\"lazyLoad\":1,\"wrapContainer\":\"#robo-gallery-wrap-rbs_gallery_69dfd5d31805c\"};<\/script><\/div>\n<\/div>\n<\/div>\n<\/div>\n<\/div>\n<\/div>\n<\/div>\n<p>[\/vc_column_text][\/vc_column][\/vc_row]<\/p>\n<\/div>","protected":false},"excerpt":{"rendered":"<p>[vc_row dfd_bg_style=&#8221;image&#8221; dfd_bg_image_repeat=&#8221;no-repeat&#8221; dfd_row_config=&#8221;full_width_content&#8221; el_class=&#8221;OcultarSlider&#8221; bg_type=&#8221;image&#8221; bg_image_new=&#8221;19708&#8243; bg_image_repeat=&#8221;no-repeat&#8221; css=&#8221;.vc_custom_1712663666177{background-color: #b7b7b7 !important;background-position: center !important;background-repeat: no-repeat !important;background-size: cover !important;}&#8221;][vc_column css=&#8221;.vc_custom_1713440026062{background-image: url(https:\/\/viprent-andorra.com\/wp-content\/uploads\/2024\/04\/vip-rent-tree-line-jacuzzi-5.jpg?id=411) !important;background-position: center !important;background-repeat: no-repeat !important;background-size: cover !important;}&#8221; col_shadow=&#8221;box_shadow_enable:disable|shadow_horizontal:0|shadow_vertical:15|shadow_blur:50|shadow_spread:0|box_shadow_color:rgba(0%2C0%2C0%2C.35)&#8221; col_shadow_hover=&#8221;box_shadow_enable:disable|shadow_horizontal:0|shadow_vertical:15|shadow_blur:50|shadow_spread:0|box_shadow_color:rgba(0%2C0%2C0%2C.35)&#8221;][vc_row_inner css=&#8221;.vc_custom_1679992365968{padding-top: 600px<\/p>\n","protected":false},"author":3,"featured_media":0,"parent":0,"menu_order":0,"comment_status":"closed","ping_status":"closed","template":"page-custom.php","meta":{"_joinchat":[],"footnotes":""},"class_list":["post-1420","page","type-page","status-publish","hentry"],"aioseo_notices":[],"_links":{"self":[{"href":"https:\/\/viprent-andorra.com\/ca\/wp-json\/wp\/v2\/pages\/1420","targetHints":{"allow":["GET"]}}],"collection":[{"href":"https:\/\/viprent-andorra.com\/ca\/wp-json\/wp\/v2\/pages"}],"about":[{"href":"https:\/\/viprent-andorra.com\/ca\/wp-json\/wp\/v2\/types\/page"}],"author":[{"embeddable":true,"href":"https:\/\/viprent-andorra.com\/ca\/wp-json\/wp\/v2\/users\/3"}],"replies":[{"embeddable":true,"href":"https:\/\/viprent-andorra.com\/ca\/wp-json\/wp\/v2\/comments?post=1420"}],"version-history":[{"count":2,"href":"https:\/\/viprent-andorra.com\/ca\/wp-json\/wp\/v2\/pages\/1420\/revisions"}],"predecessor-version":[{"id":1424,"href":"https:\/\/viprent-andorra.com\/ca\/wp-json\/wp\/v2\/pages\/1420\/revisions\/1424"}],"wp:attachment":[{"href":"https:\/\/viprent-andorra.com\/ca\/wp-json\/wp\/v2\/media?parent=1420"}],"curies":[{"name":"wp","href":"https:\/\/api.w.org\/{rel}","templated":true}]}}