{"id":1402,"date":"2024-04-19T11:23:53","date_gmt":"2024-04-19T09:23:53","guid":{"rendered":"https:\/\/viprent-andorra.com\/residencia-mountain-view-5\/"},"modified":"2024-04-25T18:19:20","modified_gmt":"2024-04-25T16:19:20","slug":"residencia-mountain-view-5","status":"publish","type":"page","link":"https:\/\/viprent-andorra.com\/ca\/residencia-mountain-view-5\/","title":{"rendered":"Mountain View"},"content":{"rendered":"<div class=\"wpb-content-wrapper\"><p>[vc_row dfd_bg_style=&#8221;image&#8221; dfd_bg_image_repeat=&#8221;no-repeat&#8221; dfd_row_config=&#8221;full_width_content&#8221; el_class=&#8221;OcultarSlider&#8221; bg_type=&#8221;image&#8221; bg_image_new=&#8221;19708&#8243; bg_image_repeat=&#8221;no-repeat&#8221; css=&#8221;.vc_custom_1712663666177{background-color: #b7b7b7 !important;background-position: center !important;background-repeat: no-repeat !important;background-size: cover !important;}&#8221;][vc_column css=&#8221;.vc_custom_1713518716104{background-image: url(https:\/\/viprent-andorra.com\/wp-content\/uploads\/2024\/04\/vip-rent-apartamento-mountain-view-5.jpg?id=444) !important;background-position: center !important;background-repeat: no-repeat !important;background-size: cover !important;}&#8221; col_shadow=&#8221;box_shadow_enable:disable|shadow_horizontal:0|shadow_vertical:15|shadow_blur:50|shadow_spread:0|box_shadow_color:rgba(0%2C0%2C0%2C.35)&#8221; col_shadow_hover=&#8221;box_shadow_enable:disable|shadow_horizontal:0|shadow_vertical:15|shadow_blur:50|shadow_spread:0|box_shadow_color:rgba(0%2C0%2C0%2C.35)&#8221;][vc_row_inner css=&#8221;.vc_custom_1679992365968{padding-top: 600px !important;padding-right: 0px !important;padding-bottom: 150px !important;padding-left: 10% !important;}&#8221; el_class=&#8221;IconosAstro&#8221;][vc_column_inner width=&#8221;1\/3&#8243;][\/vc_column_inner][vc_column_inner width=&#8221;1\/3&#8243;][\/vc_column_inner][vc_column_inner width=&#8221;1\/3&#8243;][vc_raw_html]JTNDZGl2JTIwY2xhc3MlM0QlMjJ1YnRuLWN0bi1jZW50ZXIlMjIlM0UlM0NhJTIwY2xhc3MlM0QlMjJ1YnRuLWxpbmslMjB1YnRuLWNlbnRlciUyMHRvb2x0aXAtNjQyMmJlNzA0NDgwNyUyMiUyMGhyZWYlM0QlMjIlMjMlMjIlMjBvbmNsaWNrJTNEJTIyU2Nyb2xsU3VhdmUlMjglMjdmb3RvcyUyNyUyOSUyMiUyMHRhcmdldCUzRCUyMl9zZWxmJTIyJTNFJTNDc3BhbiUyMGNsYXNzJTNEJTIyJTIwdWJ0biUyMHVidG4tbWluaSUyMHVidG4tbm8taG92ZXItYmclMjAlMjAlMjAlMjB1YnRuLWNlbnRlciUyMCUyMCUyMiUyMGRhdGEtaG92ZXIlM0QlMjIlMjNmZmZmZmYlMjIlMjBkYXRhLWJvcmRlci1jb2xvciUzRCUyMiUyM2ZmZmZmZiUyMiUyMGRhdGEtaG92ZXItYmclM0QlMjIlMjIlMjBkYXRhLWJvcmRlci1ob3ZlciUzRCUyMiUyM2ZmZmZmZiUyMiUyMGRhdGEtc2hhZG93LWhvdmVyJTNEJTIyJTIyJTIwZGF0YS1zaGFkb3ctY2xpY2slM0QlMjJub25lJTIyJTIwZGF0YS1zaGFkb3clM0QlMjIlMjIlMjBkYXRhLXNoZC1zaGFkb3clM0QlMjIlMjIlMjBzdHlsZSUzRCUyMmJvcmRlci1yYWRpdXMlM0FweCUzQmJvcmRlci13aWR0aCUzQTFweCUzQmJvcmRlci1jb2xvciUzQSUyM2ZmZmZmZiUzQmJvcmRlci1zdHlsZSUzQXNvbGlkJTNCY29sb3IlM0ElMjAlMjNmZmZmZmYlM0IlMjIlM0UlM0NzcGFuJTIwY2xhc3MlM0QlMjJ1YnRuLWhvdmVyJTIyJTNFJTNDJTJGc3BhbiUzRSUzQ3NwYW4lMjBjbGFzcyUzRCUyMnVidG4tZGF0YSUyMHVidG4tdGV4dCUyMiUyMGRhdGEtbGFuZyUzRCUyMmVuJTIyJTNFVkVVUkUlMjBGT1RPUyUzQyUyRnNwYW4lM0UlM0MlMkZzcGFuJTNFJTNDJTJGYSUzRSUzQyUyRmRpdiUzRQ==[\/vc_raw_html][\/vc_column_inner][\/vc_row_inner][\/vc_column][\/vc_row][vc_row dfd_bg_style=&#8221;image&#8221; dfd_bg_image_repeat=&#8221;no-repeat&#8221; dfd_row_config=&#8221;full_width_content&#8221; bg_type=&#8221;bg_color&#8221; css=&#8221;.vc_custom_1712664966081{background-color: #a5a5a5 !important;}&#8221;][vc_column width=&#8221;1\/3&#8243; css=&#8221;.vc_custom_1523382781477{padding-top: 30px !important;padding-bottom: 30px !important;}&#8221;][\/vc_column][vc_column width=&#8221;1\/3&#8243;][vc_single_image image=&#8221;101&#8243; img_size=&#8221;medium&#8221; alignment=&#8221;center&#8221; css=&#8221;.vc_custom_1710757001372{padding-top: 30px !important;padding-bottom: 30px !important;}&#8221;][\/vc_column][vc_column width=&#8221;1\/3&#8243;][\/vc_column][\/vc_row][vc_row dfd_bg_style=&#8221;image&#8221; dfd_bg_image_repeat=&#8221;no-repeat&#8221; force_equal_height_columns=&#8221;main_row&#8221; dfd_row_config=&#8221;full_width_content&#8221; bg_type=&#8221;image&#8221; bg_image_new=&#8221;21256&#8243; bg_image_repeat=&#8221;no-repeat&#8221; mobile_destroy_equal_heights=&#8221;yes&#8221;][vc_column width=&#8221;1\/3&#8243; css=&#8221;.vc_custom_1712663687209{padding-top: 190px !important;padding-bottom: 230px !important;background-color: #b7b7b7 !important;background-position: center !important;background-repeat: no-repeat !important;background-size: cover !important;}&#8221; el_class=&#8221;zindex&#8221; col_shadow=&#8221;box_shadow_enable:disable|shadow_horizontal:0|shadow_vertical:15|shadow_blur:50|shadow_spread:0|box_shadow_color:rgba(0%2C0%2C0%2C.35)&#8221; col_shadow_hover=&#8221;box_shadow_enable:disable|shadow_horizontal:0|shadow_vertical:15|shadow_blur:50|shadow_spread:0|box_shadow_color:rgba(0%2C0%2C0%2C.35)&#8221;][vc_column_text el_class=&#8221;texto-color&#8221; css=&#8221;.vc_custom_1714045423774{padding-right: 5% !important;padding-left: 10% !important;}&#8221;]<\/p>\n<h1 class=\"widget-title dfd-title \">MOUNTAIN VIEW<\/h1>\n<p>12 persones &#8211; 5 dormitoris[\/vc_column_text][vc_column_text el_class=&#8221;texto-color&#8221; css=&#8221;.vc_custom_1714045720414{padding-top: 20px !important;padding-right: 5% !important;padding-left: 10% !important;}&#8221;]<\/p>\n<p><b>Apartament:<\/b> t\u00e9 una cuina oberta cap al ampli sal\u00f3, on podr\u00e0 relaxar-se davant la llar de foc i encendre la televisi\u00f3 intel\u00b7ligent amb canals internacionals, Netflix i YouTube. Per a m\u00e9s entreteniment, tamb\u00e9 hi ha una consola de jocs PS4 o pot observar les estrelles i la superf\u00edcie de la lluna amb el telescopi d&#8217;alta qualitat de la resid\u00e8ncia.<\/p>\n<p><strong>Habitacions:<\/strong> t\u00e9 5 amplis dormitoris, quatre d&#8217;ells amb espai de treball per a ordinador port\u00e0til, seguits de grans banys (tres d&#8217;ells en suite) amb assecador de cabell i tamb\u00e9 amb acc\u00e9s directe al balc\u00f3 amb vistes fant\u00e0stiques a la famosa pista d&#8217;esqu\u00ed negra AVET per a Ski Copa del M\u00f3n 2019. El cinqu\u00e8 dormitori t\u00e9 capacitat per a 4 nens o adults en 4 lliteres. Els dormitoris estan disposats perqu\u00e8 sigui perfecte per a 2 fam\u00edlies que comparteixen la resid\u00e8ncia o per a un gran grup d&#8217;amics.<\/p>\n<p><strong>Cuina:<\/strong> cuina americana totalment equipada amb barra de p\u00edcnic inclou una nevera de vi i cafetera perqu\u00e8 es senti com a casa, i tamb\u00e9 m\u00e0quines de fondu i raclette per a una experi\u00e8ncia de muntanya perfecta. Es proporcionen grans de caf\u00e8 gratu\u00efts.<\/p>\n<p>I el millor de tot: les teves mascotes s\u00f3n benvingudes acompanyar-te en aquesta experi\u00e8ncia!<\/p>\n<p>&nbsp;<\/p>\n<p>La casa ofereix:<\/p>\n<p><strong><i class=\"fas fa-utensils \" ><\/i> Cuina:<\/strong> Completament equipada amb rentavaixelles, nevera, congelador, forn, microones, cafetera Nespresso, vitrocer\u00e0mica, productes de neteja, etc.<\/p>\n<p><strong><i class=\"fas fa-bed \" ><\/i> Habitacions:<\/strong> 5 habitacions **em falta definici\u00f3**<\/p>\n<p><i class=\"fas fa-car-alt \" ><\/i> <strong>Aparcament subterrani<\/strong> a la mateixa propietat gratu\u00eft<\/p>\n<p><i class=\"fas fa-tv \" ><\/i> Televisi\u00f3 amb <strong>Netflix<\/strong><\/p>\n<p><strong><i class=\"fab fa-playstation \" ><\/i> Playstation 4!<\/strong><\/p>\n<p><i class=\"fas fa-star-and-crescent \" ><\/i> <strong>Telescopi<\/strong><\/p>\n<p><i class=\"fas fa-fire-alt \" ><\/i> <strong>Llar de foc de llenya<\/strong><\/p>\n<p>&nbsp;<\/p>\n<p>A m\u00e9s:<\/p>\n<p><i class=\"fas fa-user-friends \" ><\/i> <strong>Servei de consergeria<\/strong><\/p>\n<p><strong><i class=\"fas fa-paw \" ><\/i> Mascotes:<\/strong> S&#8217;admeten animals amb un cost addicional de 15\u20ac per dia.[\/vc_column_text][vc_column_text el_class=&#8221;texto-color&#8221; css=&#8221;.vc_custom_1714045531261{padding-top: 20px !important;padding-right: 5% !important;padding-left: 10% !important;}&#8221;]<i class=\"fas fa-wifi \" ><\/i> WIFI 3GB<\/p>\n<p><i class=\"fas fa-bath \" ><\/i> Dutxa **nombre de banys**<\/p>\n<p><i class=\"fas fa-temperature-high \" ><\/i> Calefacci\u00f3 per terra radiant[\/vc_column_text][\/vc_column][vc_column width=&#8221;2\/3&#8243; css=&#8221;.vc_custom_1713518867422{background-image: url(https:\/\/viprent-andorra.com\/wp-content\/uploads\/2024\/04\/vip-rent-apartamento-mountain-view-7.jpg?id=447) !important;background-position: center !important;background-repeat: no-repeat !important;background-size: cover !important;}&#8221; col_shadow=&#8221;box_shadow_enable:disable|shadow_horizontal:0|shadow_vertical:15|shadow_blur:50|shadow_spread:0|box_shadow_color:rgba(0%2C0%2C0%2C.35)&#8221; col_shadow_hover=&#8221;box_shadow_enable:disable|shadow_horizontal:0|shadow_vertical:15|shadow_blur:50|shadow_spread:0|box_shadow_color:rgba(0%2C0%2C0%2C.35)&#8221;][\/vc_column][\/vc_row][vc_row dfd_bg_style=&#8221;image&#8221; dfd_bg_image_repeat=&#8221;no-repeat&#8221; force_equal_height_columns=&#8221;main_row&#8221; dfd_row_config=&#8221;full_width_content&#8221; bg_type=&#8221;image&#8221; bg_image_new=&#8221;21256&#8243; bg_image_repeat=&#8221;no-repeat&#8221; mobile_destroy_equal_heights=&#8221;yes&#8221; css=&#8221;.vc_custom_1712663696903{background-color: #b7b7b7 !important;}&#8221;][vc_column width=&#8221;2\/3&#8243; css=&#8221;.vc_custom_1713518890784{background-image: url(https:\/\/viprent-andorra.com\/wp-content\/uploads\/2024\/04\/vip-rent-apartamento-mountain-view-6.jpg?id=448) !important;background-position: center !important;background-repeat: no-repeat !important;background-size: cover !important;}&#8221; col_shadow=&#8221;box_shadow_enable:disable|shadow_horizontal:0|shadow_vertical:15|shadow_blur:50|shadow_spread:0|box_shadow_color:rgba(0%2C0%2C0%2C.35)&#8221; col_shadow_hover=&#8221;box_shadow_enable:disable|shadow_horizontal:0|shadow_vertical:15|shadow_blur:50|shadow_spread:0|box_shadow_color:rgba(0%2C0%2C0%2C.35)&#8221;][\/vc_column][vc_column width=&#8221;1\/3&#8243; css=&#8221;.vc_custom_1679992478478{padding-top: 190px !important;padding-bottom: 230px !important;background-position: center !important;background-repeat: no-repeat !important;background-size: cover !important;}&#8221; el_class=&#8221;zindex&#8221;][vc_column_text el_class=&#8221;texto-color&#8221; css=&#8221;.vc_custom_1714045560649{padding-top: 20px !important;padding-right: 5% !important;padding-left: 10% !important;}&#8221;]<\/p>\n<div class=\"dfd-heading-shortcode\">\n<div id=\"dfd-heading-6422ac57d1194\" class=\"dfd-heading-module-wrap text-left style_05 dfd-heading-6422ac57d1194 dfd-disable-resposive-headings\">\n<div class=\"inline-block\">\n<div class=\"dfd-heading-module\">\n<p>Amb una superf\u00edcie de 220 metres quadrats, aquest impressionant apartament ofereix un ambient de calidesa i eleg\u00e0ncia a cada rac\u00f3. L&#8217;estufa de llenya afegeix un toc acollidor a la espaiosa cuina oberta i sala d&#8217;estar, on podr\u00e0s relaxar-te davant del foc i gaudir d&#8217;un ambient relaxat i tranquil.<\/p>\n<p>Per als moments d&#8217;entreteniment, la Resid\u00e8ncia Mountain View compta amb totes les comoditats que puguis desitjar. Des d&#8217;un televisor intel\u00b7ligent amb canals internacionals, Netflix i YouTube fins a una consola de jocs PS4 per gaudir de partides emocionants amb la fam\u00edlia o els amics.<\/p>\n<p>A m\u00e9s, qu\u00e8 et sembla una experi\u00e8ncia \u00fanica contemplat les estrelles i la superf\u00edcie de la lluna? Amb el nostre telescopi d&#8217;alta qualitat, podr\u00e0s explorar el cosmos des de la comoditat del teu propi hogar alp\u00ed.<\/p>\n<p>Per si no fos suficient, l&#8217;apartament es troba a peu de pistes.<\/p>\n<p><i class=\"far fa-clock \" ><\/i> Check-in: a partir de les 16h<\/p>\n<p><i class=\"fas fa-clock \" ><\/i> Check-out: abans de les 12h<\/p>\n<p><i class=\"fas fa-key \" ><\/i> A l&#8217;arribada, us entregarem les claus. Us enviarem instruccions de com accedir.<\/p>\n<\/div>\n<\/div>\n<\/div>\n<\/div>\n<p>[\/vc_column_text][vc_column_text el_class=&#8221;texto-color&#8221; css=&#8221;.vc_custom_1714045571345{padding-top: 20px !important;padding-right: 5% !important;padding-bottom: 20px !important;padding-left: 10% !important;}&#8221;]<i class=\"fas fa-map-marker-alt \" ><\/i> Ubicaci\u00f3n:<\/p>\n<p>Os enviaremos la ubicaci\u00f3n exacta al realizar la reserva, esta es la zona en la que se encuentra.<\/p>\n<p>HUT******[\/vc_column_text][vc_column_text css=&#8221;.vc_custom_1713520618006{padding-top: 20px !important;padding-right: 5% !important;padding-left: 10% !important;}&#8221;]<iframe loading=\"lazy\" style=\"border: 0;\" src=\"https:\/\/www.google.com\/maps\/embed?pb=!1m14!1m8!1m3!1d11751.795427222542!2d1.666523!3d42.577608!3m2!1i1024!2i768!4f13.1!3m3!1m2!1s0x12af62d7f7ae6937%3A0xa00947091997150!2sAD100%20Soldeu%2C%20Andorra!5e0!3m2!1ses!2ses!4v1713440212848!5m2!1ses!2ses\" width=\"100%\" height=\"250\" allowfullscreen=\"allowfullscreen\"><\/iframe>[\/vc_column_text][\/vc_column][\/vc_row][vc_row dfd_bg_style=&#8221;image&#8221; dfd_bg_image_repeat=&#8221;no-repeat&#8221; dfd_row_config=&#8221;full_width_content&#8221; anchor=&#8221;fotos&#8221; el_class=&#8221;ImagenPrincipal&#8221; bg_type=&#8221;image&#8221; bg_image_repeat=&#8221;no-repeat&#8221; bg_override=&#8221;full&#8221; css=&#8221;.vc_custom_1712664979966{background-color: #a5a5a5 !important;}&#8221;][vc_column width=&#8221;2\/3&#8243;][vc_column_text]<\/p>\n<div id=\"fotos\"><\/div>\n<p>[\/vc_column_text][\/vc_column][vc_column width=&#8221;1\/3&#8243; css=&#8221;.vc_custom_1542356062966{padding-right: 12% !important;padding-left: 4% !important;}&#8221;][vc_column_text el_class=&#8221;welcome&#8221; css=&#8221;.vc_custom_1714045587360{padding-top: 30px !important;padding-bottom: 30px !important;}&#8221;]GALERIA DE FOTOGRAFIES<\/p>\n<p>Feu clic per ampliar-les[\/vc_column_text][\/vc_column][\/vc_row][vc_row dfd_bg_style=&#8221;image&#8221; dfd_bg_image_repeat=&#8221;no-repeat&#8221; dfd_row_config=&#8221;full_width_content&#8221; one_page_title=&#8221;fotos&#8221; el_class=&#8221;ImagenPrincipal&#8221; bg_type=&#8221;image&#8221; bg_image_repeat=&#8221;no-repeat&#8221; bg_override=&#8221;full&#8221; css=&#8221;.vc_custom_1712664992646{background-color: #a5a5a5 !important;}&#8221;][vc_column][vc_column_text]<\/p>\n<div class=\"rbs_shortcode\">\n<div class=\"rbs_shortcode\">\n<div class=\"rbs_shortcode\">\n<div class=\"rbs_shortcode\">\n<div class=\"rbs_shortcode\">\n<div class=\"rbs_shortcode\">\n<div class=\"rbs_shortcode\"><style type=\"text\/css\" scoped>.rbs_gallery_69dfd5d317b73Spinner{\r\n\t\t\t\tmargin: 50px auto;\r\n\t\t\t\twidth: 50px;\r\n\t\t\t\theight: 40px;\r\n\t\t\t\ttext-align: center;\r\n\t\t\t\tfont-size: 10px;\r\n\t\t\t}\r\n\t\t\t.rbs_gallery_69dfd5d317b73Spinner > div{\r\n\t\t\t  background-color: #333;\r\n\t\t\t  height: 100%;\r\n\t\t\t  width: 6px;\r\n\t\t\t  display: inline-block;\r\n\t\t\t  -webkit-animation: rbs_gallery_69dfd5d317b73-stretchdelay 1.2s infinite ease-in-out;\r\n\t\t\t  animation: rbs_gallery_69dfd5d317b73-stretchdelay 1.2s infinite ease-in-out;\r\n\t\t\t}\r\n\t\t\t.rbs_gallery_69dfd5d317b73Spinner .rbs_gallery_69dfd5d317b73Rect2 {\r\n\t\t\t  -webkit-animation-delay: -1.1s;\r\n\t\t\t  animation-delay: -1.1s;\r\n\t\t\t}\r\n\t\t\t.rbs_gallery_69dfd5d317b73Spinner .rbs_gallery_69dfd5d317b73Rect3 {\r\n\t\t\t  -webkit-animation-delay: -1.0s;\r\n\t\t\t  animation-delay: -1.0s;\r\n\t\t\t}\r\n\t\t\t.rbs_gallery_69dfd5d317b73Spinner .rbs_gallery_69dfd5d317b73Rect4 {\r\n\t\t\t  -webkit-animation-delay: -0.9s;\r\n\t\t\t  animation-delay: -0.9s;\r\n\t\t\t}\r\n\t\t\t.rbs_gallery_69dfd5d317b73Spinner .rbs_gallery_69dfd5d317b73Rect5 {\r\n\t\t\t  -webkit-animation-delay: -0.8s;\r\n\t\t\t  animation-delay: -0.8s;\r\n\t\t\t}\r\n\t\t\t@-webkit-keyframes rbs_gallery_69dfd5d317b73-stretchdelay {\r\n\t\t\t  0%, 40%, 100% { -webkit-transform: scaleY(0.4) }  \r\n\t\t\t  20% { -webkit-transform: scaleY(1.0) }\r\n\t\t\t}\r\n\t\t\t@keyframes rbs_gallery_69dfd5d317b73-stretchdelay {\r\n\t\t\t  0%, 40%, 100% { \r\n\t\t\t    transform: scaleY(0.4);\r\n\t\t\t    -webkit-transform: scaleY(0.4);\r\n\t\t\t  }  20% { \r\n\t\t\t    transform: scaleY(1.0);\r\n\t\t\t    -webkit-transform: scaleY(1.0);\r\n\t\t\t  }\r\n\t\t\t}\r\n\t\t<\/style><div class=\"robo-gallery-wrap robo-gallery-wrap-id452 robo-gallery-masonry\" ><div id=\"rbs_gallery_69dfd5d317b73-block-loader\" class=\"rbs_gallery_69dfd5d317b73Spinner\"><div class=\"rbs_gallery_69dfd5d317b73Rect1\"><\/div> <div class=\"rbs_gallery_69dfd5d317b73Rect2\"><\/div> <div class=\"rbs_gallery_69dfd5d317b73Rect3\"><\/div> <div class=\"rbs_gallery_69dfd5d317b73Rect4\"><\/div> <div class=\"rbs_gallery_69dfd5d317b73Rect5\"><\/div><\/div><div id=\"robo_gallery_main_block_rbs_gallery_69dfd5d317b73\" class=\"robogallery-gallery-452\" style=\"width:100%;  display: none;\"><div id=\"rbs_gallery_69dfd5d317b73\" data-options=\"rbs_gallery_69dfd5d317b73\" style=\"width:100%;\" class=\"robo_gallery  \"><div class=\"rbs-img  category452 \" ><div class=\"rbs-img-image   rbs-lightbox \" ><div class=\"rbs-img-thumbs\"  data-thumbnail=\"https:\/\/viprent-andorra.com\/wp-content\/uploads\/2024\/04\/sal-destar-1-e1639674079709-600x1024.jpg\"  title=\"sal-destar-1-e1639674079709\"  data-width=\"600\"  data-height=\"1024\" ><\/div><div class=\"rbs-img-data-popup\"  data-popup=\"https:\/\/viprent-andorra.com\/wp-content\/uploads\/2024\/04\/sal-destar-1-e1639674079709.jpg\"  title=\"sal-destar-1-e1639674079709\" ><\/div><div class=\"thumbnail-overlay\"><div class=\"rbsTitle \">sal-destar-1-e1639674079709<\/div><div class=\"rbsIcons\"><i class=\"fa fa-plus rbsZoomIcon \" ><\/i><\/div><\/div><\/div><\/div><div class=\"rbs-img  category452 \" ><div class=\"rbs-img-image   rbs-lightbox \" ><div class=\"rbs-img-thumbs\"  data-thumbnail=\"https:\/\/viprent-andorra.com\/wp-content\/uploads\/2024\/04\/sal-destar-2-300x200.jpg\"  title=\"sal-destar-2\"  data-width=\"300\"  data-height=\"200\" ><\/div><div class=\"rbs-img-data-popup\"  data-popup=\"https:\/\/viprent-andorra.com\/wp-content\/uploads\/2024\/04\/sal-destar-2.jpg\"  title=\"sal-destar-2\" ><\/div><div class=\"thumbnail-overlay\"><div class=\"rbsTitle \">sal-destar-2<\/div><div class=\"rbsIcons\"><i class=\"fa fa-plus rbsZoomIcon \" ><\/i><\/div><\/div><\/div><\/div><div class=\"rbs-img  category452 \" ><div class=\"rbs-img-image   rbs-lightbox \" ><div class=\"rbs-img-thumbs\"  data-thumbnail=\"https:\/\/viprent-andorra.com\/wp-content\/uploads\/2024\/04\/menjador-1-600x1024.jpg\"  title=\"menjador-1\"  data-width=\"600\"  data-height=\"1024\" ><\/div><div class=\"rbs-img-data-popup\"  data-popup=\"https:\/\/viprent-andorra.com\/wp-content\/uploads\/2024\/04\/menjador-1.jpg\"  title=\"menjador-1\" ><\/div><div class=\"thumbnail-overlay\"><div class=\"rbsTitle \">menjador-1<\/div><div class=\"rbsIcons\"><i class=\"fa fa-plus rbsZoomIcon \" ><\/i><\/div><\/div><\/div><\/div><div class=\"rbs-img  category452 \" ><div class=\"rbs-img-image   rbs-lightbox \" ><div class=\"rbs-img-thumbs\"  data-thumbnail=\"https:\/\/viprent-andorra.com\/wp-content\/uploads\/2024\/04\/menjador-2-600x1024.jpg\"  title=\"menjador-2\"  data-width=\"600\"  data-height=\"1024\" ><\/div><div class=\"rbs-img-data-popup\"  data-popup=\"https:\/\/viprent-andorra.com\/wp-content\/uploads\/2024\/04\/menjador-2.jpg\"  title=\"menjador-2\" ><\/div><div class=\"thumbnail-overlay\"><div class=\"rbsTitle \">menjador-2<\/div><div class=\"rbsIcons\"><i class=\"fa fa-plus rbsZoomIcon \" ><\/i><\/div><\/div><\/div><\/div><div class=\"rbs-img  category452 \" ><div class=\"rbs-img-image   rbs-lightbox \" ><div class=\"rbs-img-thumbs\"  data-thumbnail=\"https:\/\/viprent-andorra.com\/wp-content\/uploads\/2024\/04\/Cuina-1-600x1024.jpg\"  title=\"Cuina-1\"  data-width=\"600\"  data-height=\"1024\" ><\/div><div class=\"rbs-img-data-popup\"  data-popup=\"https:\/\/viprent-andorra.com\/wp-content\/uploads\/2024\/04\/Cuina-1.jpg\"  title=\"Cuina-1\" ><\/div><div class=\"thumbnail-overlay\"><div class=\"rbsTitle \">Cuina-1<\/div><div class=\"rbsIcons\"><i class=\"fa fa-plus rbsZoomIcon \" ><\/i><\/div><\/div><\/div><\/div><div class=\"rbs-img  category452 \" ><div class=\"rbs-img-image   rbs-lightbox \" ><div class=\"rbs-img-thumbs\"  data-thumbnail=\"https:\/\/viprent-andorra.com\/wp-content\/uploads\/2024\/04\/Cuina-3-600x1024.jpg\"  title=\"Cuina-3\"  data-width=\"600\"  data-height=\"1024\" ><\/div><div class=\"rbs-img-data-popup\"  data-popup=\"https:\/\/viprent-andorra.com\/wp-content\/uploads\/2024\/04\/Cuina-3.jpg\"  title=\"Cuina-3\" ><\/div><div class=\"thumbnail-overlay\"><div class=\"rbsTitle \">Cuina-3<\/div><div class=\"rbsIcons\"><i class=\"fa fa-plus rbsZoomIcon \" ><\/i><\/div><\/div><\/div><\/div><div class=\"rbs-img  category452 \" ><div class=\"rbs-img-image   rbs-lightbox \" ><div class=\"rbs-img-thumbs\"  data-thumbnail=\"https:\/\/viprent-andorra.com\/wp-content\/uploads\/2024\/04\/habitacio-1-2-300x200.jpg\"  title=\"habitaci\u00f3-1-2\"  data-width=\"300\"  data-height=\"200\" ><\/div><div class=\"rbs-img-data-popup\"  data-popup=\"https:\/\/viprent-andorra.com\/wp-content\/uploads\/2024\/04\/habitacio-1-2.jpg\"  title=\"habitaci\u00f3-1-2\" ><\/div><div class=\"thumbnail-overlay\"><div class=\"rbsTitle \">habitaci\u00f3-1-2<\/div><div class=\"rbsIcons\"><i class=\"fa fa-plus rbsZoomIcon \" ><\/i><\/div><\/div><\/div><\/div><div class=\"rbs-img  category452 \" ><div class=\"rbs-img-image   rbs-lightbox \" ><div class=\"rbs-img-thumbs\"  data-thumbnail=\"https:\/\/viprent-andorra.com\/wp-content\/uploads\/2024\/04\/habitacio-1-3-600x1024.jpg\"  title=\"habitaci\u00f3-1-3\"  data-width=\"600\"  data-height=\"1024\" ><\/div><div class=\"rbs-img-data-popup\"  data-popup=\"https:\/\/viprent-andorra.com\/wp-content\/uploads\/2024\/04\/habitacio-1-3.jpg\"  title=\"habitaci\u00f3-1-3\" ><\/div><div class=\"thumbnail-overlay\"><div class=\"rbsTitle \">habitaci\u00f3-1-3<\/div><div class=\"rbsIcons\"><i class=\"fa fa-plus rbsZoomIcon \" ><\/i><\/div><\/div><\/div><\/div><div class=\"rbs-img  category452 \" ><div class=\"rbs-img-image   rbs-lightbox \" ><div class=\"rbs-img-thumbs\"  data-thumbnail=\"https:\/\/viprent-andorra.com\/wp-content\/uploads\/2024\/04\/Habitacio-4-2-600x1024.jpg\"  title=\"Habitaci\u00f3-4-2\"  data-width=\"600\"  data-height=\"1024\" ><\/div><div class=\"rbs-img-data-popup\"  data-popup=\"https:\/\/viprent-andorra.com\/wp-content\/uploads\/2024\/04\/Habitacio-4-2.jpg\"  title=\"Habitaci\u00f3-4-2\" ><\/div><div class=\"thumbnail-overlay\"><div class=\"rbsTitle \">Habitaci\u00f3-4-2<\/div><div class=\"rbsIcons\"><i class=\"fa fa-plus rbsZoomIcon \" ><\/i><\/div><\/div><\/div><\/div><div class=\"rbs-img  category452 \" ><div class=\"rbs-img-image   rbs-lightbox \" ><div class=\"rbs-img-thumbs\"  data-thumbnail=\"https:\/\/viprent-andorra.com\/wp-content\/uploads\/2024\/04\/habitacio-1-1-600x1024.jpg\"  title=\"habitaci\u00f3-1-1\"  data-width=\"600\"  data-height=\"1024\" ><\/div><div class=\"rbs-img-data-popup\"  data-popup=\"https:\/\/viprent-andorra.com\/wp-content\/uploads\/2024\/04\/habitacio-1-1.jpg\"  title=\"habitaci\u00f3-1-1\" ><\/div><div class=\"thumbnail-overlay\"><div class=\"rbsTitle \">habitaci\u00f3-1-1<\/div><div class=\"rbsIcons\"><i class=\"fa fa-plus rbsZoomIcon \" ><\/i><\/div><\/div><\/div><\/div><\/div><\/div><\/div><script>var rbs_gallery_69dfd5d317b73 = {\"version\":\"5.1.3\",\"id\":452,\"class\":\"id452\",\"roboGalleryDelay\":1000,\"mainContainer\":\"#robo_gallery_main_block_rbs_gallery_69dfd5d317b73\",\"loadingContainer\":\"#rbs_gallery_69dfd5d317b73-block-loader\",\"loadingContainerObj\":\"rbs_gallery_69dfd5d317b73-block-loader\",\"columnWidth\":\"auto\",\"columns\":3,\"resolutions\":[{\"columnWidth\":\"auto\",\"columns\":3,\"maxWidth\":960},{\"columnWidth\":\"auto\",\"columns\":2,\"maxWidth\":650},{\"columnWidth\":\"auto\",\"columns\":1,\"maxWidth\":450}],\"lightboxOptions\":{\"gallery\":{\"enabled\":true,\"tCounter\":\"%curr% of %total%\"}},\"overlayEffect\":\"direction-aware-fade\",\"boxesToLoadStart\":12,\"boxesToLoad\":8,\"waitUntilThumbLoads\":1,\"LoadingWord\":\"Loading...\",\"loadMoreWord\":\"Load More\",\"noMoreEntriesWord\":\"No More Entries\",\"horizontalSpaceBetweenBoxes\":15,\"verticalSpaceBetweenBoxes\":15,\"lazyLoad\":1,\"wrapContainer\":\"#robo-gallery-wrap-rbs_gallery_69dfd5d317b73\"};<\/script><\/div>\n<\/div>\n<\/div>\n<\/div>\n<\/div>\n<\/div>\n<\/div>\n<p>[\/vc_column_text][\/vc_column][\/vc_row]<\/p>\n<\/div>","protected":false},"excerpt":{"rendered":"<p>[vc_row dfd_bg_style=&#8221;image&#8221; dfd_bg_image_repeat=&#8221;no-repeat&#8221; dfd_row_config=&#8221;full_width_content&#8221; el_class=&#8221;OcultarSlider&#8221; bg_type=&#8221;image&#8221; bg_image_new=&#8221;19708&#8243; bg_image_repeat=&#8221;no-repeat&#8221; css=&#8221;.vc_custom_1712663666177{background-color: #b7b7b7 !important;background-position: center !important;background-repeat: no-repeat !important;background-size: cover !important;}&#8221;][vc_column css=&#8221;.vc_custom_1713518716104{background-image: url(https:\/\/viprent-andorra.com\/wp-content\/uploads\/2024\/04\/vip-rent-apartamento-mountain-view-5.jpg?id=444) !important;background-position: center !important;background-repeat: no-repeat !important;background-size: cover !important;}&#8221; col_shadow=&#8221;box_shadow_enable:disable|shadow_horizontal:0|shadow_vertical:15|shadow_blur:50|shadow_spread:0|box_shadow_color:rgba(0%2C0%2C0%2C.35)&#8221; col_shadow_hover=&#8221;box_shadow_enable:disable|shadow_horizontal:0|shadow_vertical:15|shadow_blur:50|shadow_spread:0|box_shadow_color:rgba(0%2C0%2C0%2C.35)&#8221;][vc_row_inner css=&#8221;.vc_custom_1679992365968{padding-top: 600px<\/p>\n","protected":false},"author":3,"featured_media":0,"parent":0,"menu_order":0,"comment_status":"closed","ping_status":"closed","template":"page-custom.php","meta":{"_joinchat":[],"footnotes":""},"class_list":["post-1402","page","type-page","status-publish","hentry"],"aioseo_notices":[],"_links":{"self":[{"href":"https:\/\/viprent-andorra.com\/ca\/wp-json\/wp\/v2\/pages\/1402","targetHints":{"allow":["GET"]}}],"collection":[{"href":"https:\/\/viprent-andorra.com\/ca\/wp-json\/wp\/v2\/pages"}],"about":[{"href":"https:\/\/viprent-andorra.com\/ca\/wp-json\/wp\/v2\/types\/page"}],"author":[{"embeddable":true,"href":"https:\/\/viprent-andorra.com\/ca\/wp-json\/wp\/v2\/users\/3"}],"replies":[{"embeddable":true,"href":"https:\/\/viprent-andorra.com\/ca\/wp-json\/wp\/v2\/comments?post=1402"}],"version-history":[{"count":3,"href":"https:\/\/viprent-andorra.com\/ca\/wp-json\/wp\/v2\/pages\/1402\/revisions"}],"predecessor-version":[{"id":1406,"href":"https:\/\/viprent-andorra.com\/ca\/wp-json\/wp\/v2\/pages\/1402\/revisions\/1406"}],"wp:attachment":[{"href":"https:\/\/viprent-andorra.com\/ca\/wp-json\/wp\/v2\/media?parent=1402"}],"curies":[{"name":"wp","href":"https:\/\/api.w.org\/{rel}","templated":true}]}}